{"id":1291,"date":"2018-08-28T09:45:52","date_gmt":"2018-08-28T09:45:52","guid":{"rendered":"https:\/\/hotell.uhotelsgroup.com\/cityhotel\/single-room\/"},"modified":"2023-06-26T07:19:55","modified_gmt":"2023-06-26T07:19:55","slug":"standardhuone","status":"publish","type":"page","link":"https:\/\/www.uniquecityhotel.com\/fi\/huoneita\/standardhuone\/","title":{"rendered":"Standardhuone"},"content":{"rendered":"<h1>STANDARDIHUONE<\/h1>\n<p>Sopii erinomaisesti yhdelle matkustajalle, joka pit\u00e4\u00e4 hyv\u00e4st\u00e4 unesta.<\/p>\n","protected":false},"excerpt":{"rendered":"<p>STANDARDIHUONE Sopii erinomaisesti yhdelle matkustajalle, joka pit\u00e4\u00e4 hyv\u00e4st\u00e4 unesta.<\/p>\n","protected":false},"author":1,"featured_media":0,"parent":1528,"menu_order":0,"comment_status":"closed","ping_status":"closed","template":"template-rooms.php","meta":{"_acf_changed":false,"footnotes":""},"class_list":["post-1291","page","type-page","status-publish","hentry"],"acf":[],"yoast_head":"<!-- This site is optimized with the Yoast SEO plugin v25.4 - https:\/\/yoast.com\/wordpress\/plugins\/seo\/ -->\n<title>Standardhuone - City Hotel Tallinn<\/title>\n<meta name=\"robots\" content=\"index, follow, max-snippet:-1, max-image-preview:large, max-video-preview:-1\" \/>\n<link rel=\"canonical\" href=\"https:\/\/www.uniquecityhotel.com\/fi\/huoneita\/standardhuone\/\" \/>\n<meta property=\"og:locale\" content=\"fi_FI\" \/>\n<meta property=\"og:type\" content=\"article\" \/>\n<meta property=\"og:title\" content=\"Standardhuone - City Hotel Tallinn\" \/>\n<meta property=\"og:description\" content=\"STANDARDIHUONE Sopii erinomaisesti yhdelle matkustajalle, joka pit\u00e4\u00e4 hyv\u00e4st\u00e4 unesta.\" \/>\n<meta property=\"og:url\" content=\"https:\/\/www.uniquecityhotel.com\/fi\/huoneita\/standardhuone\/\" \/>\n<meta property=\"og:site_name\" content=\"City Hotel Tallinn\" \/>\n<meta property=\"article:modified_time\" content=\"2023-06-26T07:19:55+00:00\" \/>\n<meta name=\"twitter:card\" content=\"summary_large_image\" \/>\n<meta name=\"twitter:label1\" content=\"Arvioitu lukuaika\" \/>\n\t<meta name=\"twitter:data1\" content=\"1 minuutti\" \/>\n<script type=\"application\/ld+json\" class=\"yoast-schema-graph\">{\"@context\":\"https:\/\/schema.org\",\"@graph\":[{\"@type\":\"WebPage\",\"@id\":\"https:\/\/www.uniquecityhotel.com\/fi\/huoneita\/standardhuone\/\",\"url\":\"https:\/\/www.uniquecityhotel.com\/fi\/huoneita\/standardhuone\/\",\"name\":\"Standardhuone - City Hotel Tallinn\",\"isPartOf\":{\"@id\":\"https:\/\/www.uniquecityhotel.com\/#website\"},\"datePublished\":\"2018-08-28T09:45:52+00:00\",\"dateModified\":\"2023-06-26T07:19:55+00:00\",\"breadcrumb\":{\"@id\":\"https:\/\/www.uniquecityhotel.com\/fi\/huoneita\/standardhuone\/#breadcrumb\"},\"inLanguage\":\"fi\",\"potentialAction\":[{\"@type\":\"ReadAction\",\"target\":[\"https:\/\/www.uniquecityhotel.com\/fi\/huoneita\/standardhuone\/\"]}]},{\"@type\":\"BreadcrumbList\",\"@id\":\"https:\/\/www.uniquecityhotel.com\/fi\/huoneita\/standardhuone\/#breadcrumb\",\"itemListElement\":[{\"@type\":\"ListItem\",\"position\":1,\"name\":\"Home\",\"item\":\"https:\/\/www.uniquecityhotel.com\/fi\/\"},{\"@type\":\"ListItem\",\"position\":2,\"name\":\"Huoneita\",\"item\":\"https:\/\/www.uniquecityhotel.com\/fi\/huoneita\/\"},{\"@type\":\"ListItem\",\"position\":3,\"name\":\"Standardhuone\"}]},{\"@type\":\"WebSite\",\"@id\":\"https:\/\/www.uniquecityhotel.com\/#website\",\"url\":\"https:\/\/www.uniquecityhotel.com\/\",\"name\":\"City Hotel Tallinn\",\"description\":\"2* value for a backpackers price\",\"publisher\":{\"@id\":\"https:\/\/www.uniquecityhotel.com\/#organization\"},\"potentialAction\":[{\"@type\":\"SearchAction\",\"target\":{\"@type\":\"EntryPoint\",\"urlTemplate\":\"https:\/\/www.uniquecityhotel.com\/?s={search_term_string}\"},\"query-input\":{\"@type\":\"PropertyValueSpecification\",\"valueRequired\":true,\"valueName\":\"search_term_string\"}}],\"inLanguage\":\"fi\"},{\"@type\":\"Organization\",\"@id\":\"https:\/\/www.uniquecityhotel.com\/#organization\",\"name\":\"City Hotel Tallinn\",\"url\":\"https:\/\/www.uniquecityhotel.com\/\",\"logo\":{\"@type\":\"ImageObject\",\"inLanguage\":\"fi\",\"@id\":\"https:\/\/www.uniquecityhotel.com\/#\/schema\/logo\/image\/\",\"url\":\"https:\/\/www.uniquecityhotel.com\/wp-content\/uploads\/sites\/2\/2024\/09\/City-kodukale-6.png\",\"contentUrl\":\"https:\/\/www.uniquecityhotel.com\/wp-content\/uploads\/sites\/2\/2024\/09\/City-kodukale-6.png\",\"width\":250,\"height\":156,\"caption\":\"City Hotel Tallinn\"},\"image\":{\"@id\":\"https:\/\/www.uniquecityhotel.com\/#\/schema\/logo\/image\/\"}}]}<\/script>\n<!-- \/ Yoast SEO plugin. -->","yoast_head_json":{"title":"Standardhuone - City Hotel Tallinn","robots":{"index":"index","follow":"follow","max-snippet":"max-snippet:-1","max-image-preview":"max-image-preview:large","max-video-preview":"max-video-preview:-1"},"canonical":"https:\/\/www.uniquecityhotel.com\/fi\/huoneita\/standardhuone\/","og_locale":"fi_FI","og_type":"article","og_title":"Standardhuone - City Hotel Tallinn","og_description":"STANDARDIHUONE Sopii erinomaisesti yhdelle matkustajalle, joka pit\u00e4\u00e4 hyv\u00e4st\u00e4 unesta.","og_url":"https:\/\/www.uniquecityhotel.com\/fi\/huoneita\/standardhuone\/","og_site_name":"City Hotel Tallinn","article_modified_time":"2023-06-26T07:19:55+00:00","twitter_card":"summary_large_image","twitter_misc":{"Arvioitu lukuaika":"1 minuutti"},"schema":{"@context":"https:\/\/schema.org","@graph":[{"@type":"WebPage","@id":"https:\/\/www.uniquecityhotel.com\/fi\/huoneita\/standardhuone\/","url":"https:\/\/www.uniquecityhotel.com\/fi\/huoneita\/standardhuone\/","name":"Standardhuone - City Hotel Tallinn","isPartOf":{"@id":"https:\/\/www.uniquecityhotel.com\/#website"},"datePublished":"2018-08-28T09:45:52+00:00","dateModified":"2023-06-26T07:19:55+00:00","breadcrumb":{"@id":"https:\/\/www.uniquecityhotel.com\/fi\/huoneita\/standardhuone\/#breadcrumb"},"inLanguage":"fi","potentialAction":[{"@type":"ReadAction","target":["https:\/\/www.uniquecityhotel.com\/fi\/huoneita\/standardhuone\/"]}]},{"@type":"BreadcrumbList","@id":"https:\/\/www.uniquecityhotel.com\/fi\/huoneita\/standardhuone\/#breadcrumb","itemListElement":[{"@type":"ListItem","position":1,"name":"Home","item":"https:\/\/www.uniquecityhotel.com\/fi\/"},{"@type":"ListItem","position":2,"name":"Huoneita","item":"https:\/\/www.uniquecityhotel.com\/fi\/huoneita\/"},{"@type":"ListItem","position":3,"name":"Standardhuone"}]},{"@type":"WebSite","@id":"https:\/\/www.uniquecityhotel.com\/#website","url":"https:\/\/www.uniquecityhotel.com\/","name":"City Hotel Tallinn","description":"2* value for a backpackers price","publisher":{"@id":"https:\/\/www.uniquecityhotel.com\/#organization"},"potentialAction":[{"@type":"SearchAction","target":{"@type":"EntryPoint","urlTemplate":"https:\/\/www.uniquecityhotel.com\/?s={search_term_string}"},"query-input":{"@type":"PropertyValueSpecification","valueRequired":true,"valueName":"search_term_string"}}],"inLanguage":"fi"},{"@type":"Organization","@id":"https:\/\/www.uniquecityhotel.com\/#organization","name":"City Hotel Tallinn","url":"https:\/\/www.uniquecityhotel.com\/","logo":{"@type":"ImageObject","inLanguage":"fi","@id":"https:\/\/www.uniquecityhotel.com\/#\/schema\/logo\/image\/","url":"https:\/\/www.uniquecityhotel.com\/wp-content\/uploads\/sites\/2\/2024\/09\/City-kodukale-6.png","contentUrl":"https:\/\/www.uniquecityhotel.com\/wp-content\/uploads\/sites\/2\/2024\/09\/City-kodukale-6.png","width":250,"height":156,"caption":"City Hotel Tallinn"},"image":{"@id":"https:\/\/www.uniquecityhotel.com\/#\/schema\/logo\/image\/"}}]}},"_links":{"self":[{"href":"https:\/\/www.uniquecityhotel.com\/fi\/wp-json\/wp\/v2\/pages\/1291","targetHints":{"allow":["GET"]}}],"collection":[{"href":"https:\/\/www.uniquecityhotel.com\/fi\/wp-json\/wp\/v2\/pages"}],"about":[{"href":"https:\/\/www.uniquecityhotel.com\/fi\/wp-json\/wp\/v2\/types\/page"}],"author":[{"embeddable":true,"href":"https:\/\/www.uniquecityhotel.com\/fi\/wp-json\/wp\/v2\/users\/1"}],"replies":[{"embeddable":true,"href":"https:\/\/www.uniquecityhotel.com\/fi\/wp-json\/wp\/v2\/comments?post=1291"}],"version-history":[{"count":19,"href":"https:\/\/www.uniquecityhotel.com\/fi\/wp-json\/wp\/v2\/pages\/1291\/revisions"}],"predecessor-version":[{"id":2300,"href":"https:\/\/www.uniquecityhotel.com\/fi\/wp-json\/wp\/v2\/pages\/1291\/revisions\/2300"}],"up":[{"embeddable":true,"href":"https:\/\/www.uniquecityhotel.com\/fi\/wp-json\/wp\/v2\/pages\/1528"}],"wp:attachment":[{"href":"https:\/\/www.uniquecityhotel.com\/fi\/wp-json\/wp\/v2\/media?parent=1291"}],"curies":[{"name":"wp","href":"https:\/\/api.w.org\/{rel}","templated":true}]}}